{"id":148,"date":"2018-10-16T12:08:14","date_gmt":"2018-10-16T10:08:14","guid":{"rendered":"https:\/\/www.fenster-tueren-gmbh.de\/?page_id=148"},"modified":"2018-10-16T14:13:48","modified_gmt":"2018-10-16T12:13:48","slug":"thermoblue","status":"publish","type":"page","link":"https:\/\/www.fenster-tueren-gmbh.de\/?page_id=148","title":{"rendered":"ThermoBlue"},"content":{"rendered":"<p><img loading=\"lazy\" class=\"alignnone size-full wp-image-151 aligncenter\" src=\"https:\/\/www.fenster-tueren-gmbh.de\/wp-content\/uploads\/2018\/10\/thermoblue_header.jpg\" alt=\"\" width=\"1200\" height=\"600\" srcset=\"https:\/\/www.fenster-tueren-gmbh.de\/wp-content\/uploads\/2018\/10\/thermoblue_header.jpg 1200w, https:\/\/www.fenster-tueren-gmbh.de\/wp-content\/uploads\/2018\/10\/thermoblue_header-300x150.jpg 300w, https:\/\/www.fenster-tueren-gmbh.de\/wp-content\/uploads\/2018\/10\/thermoblue_header-768x384.jpg 768w, https:\/\/www.fenster-tueren-gmbh.de\/wp-content\/uploads\/2018\/10\/thermoblue_header-1024x512.jpg 1024w\" sizes=\"(max-width: 1200px) 100vw, 1200px\" \/><\/p>\n<p>&nbsp;<\/p>\n<p style=\"text-align: center;\"><strong>ThermoBlue ist unsere Marke.<\/strong><br \/>\nDiese steht repr\u00e4senativ f\u00fcr Bauelemente, die sich grunds\u00e4tzlich mit dem Thema Energieeffizienz befassen. Wir haben uns zum Ziel gemacht, Ihnen die beste Qualit\u00e4t und Innovation zu einem konkurrenzlos g\u00fcnstigen Preis zu bieten. Die Produkte, wie Fenster, Balkont\u00fcren, Glast\u00fcren und Haust\u00fcren &#8211; k\u00f6nnen Sie bei uns direkt \u00fcber den Online-Shop bestellen &#8211; zus\u00e4tzlich k\u00f6nnen Sie als Fachh\u00e4ndler profitieren.<\/p>\n<p>&nbsp;<\/p>\n<p style=\"text-align: center;\"><a class=\"btn btn-primary standard-button\" href=\"https:\/\/www.mein-fensterplatz.de\">Jetzt ThermoBlue-Artikel online bestellen<\/a><\/p>\n<p>&nbsp;<\/p>\n<h2 style=\"text-align: center;\">Unser Sortiment<\/h2>\n<div class=\"container\">\n<div class=\"row\">\n<div class=\"col-md-4\"><img class=\"alignnone\" src=\"https:\/\/www.fenster-tueren-gmbh.de\/wp-content\/uploads\/2018\/10\/01_sortiment_fenster.jpg\" alt=\"\" \/><\/div>\n<div class=\"col-md-8\">\n<h3 class=\"\">Fenster und Balkont\u00fcren<\/h3>\n<p class=\"\">Bei uns finden Sie genau f\u00fcr Ihren ben\u00f6tigten Einsatzzweck ben\u00f6tigte Fenster. Dabei kann man sagen, dass Sie bei uns nicht nur s\u00e4mtliche Konfigurationsm\u00f6glichkeiten zur Verf\u00fcgung haben, sondern auch die Wahl zwischen diversen anderen Fensterprofilen.<br \/>\nSie k\u00f6nnen bei uns zwischen den Thermoblue-Eigenen Markenprofilen w\u00e4hlen, aber auch andere namhafte Hersteller nehmen. Hier k\u00f6nnen Sie uns selbstverst\u00e4ndlich auch mitteilen, wenn Sie &#8222;exotische&#8220; W\u00fcnsche haben, wie zum Beispiel Abrundungen,<br \/>\nzus\u00e4tzliche Stahlverst\u00e4rkungen, etc.<\/p>\n<\/div>\n<\/div>\n<\/div>\n<div class=\"container\">\n<div class=\"row\">\n<div class=\"col-md-8\">\n<h3 class=\"\">Haust\u00fcren<\/h3>\n<p class=\"\">Diese Komponenten haben unterschiedlichste Zusatzanforderungen. Neben den speziellen Sicherheits-Zusatzprogrammen stellen wir Ihnen mit unserer Haust\u00fcren-Kollektion auch eine sehr gro\u00dfe Reihe an Wahlm\u00f6glichkeiten, wie z.B. Titan-Farbe, unterschiedlichste Griff-Sets, oder unterschiedlich lange Griffstangen.<\/p>\n<\/div>\n<div class=\"col-md-4\"><img src=\"https:\/\/www.fenster-tueren-gmbh.de\/wp-content\/uploads\/2018\/10\/02_sortiment_haustuer.jpg\" \/><\/div>\n<\/div>\n<\/div>\n<div class=\"container\">\n<div class=\"row\">\n<div class=\"col-md-4\"><img src=\"https:\/\/www.fenster-tueren-gmbh.de\/wp-content\/uploads\/2018\/10\/03_sortiment_glastueren.jpg\" \/><\/div>\n<div class=\"col-md-8\">\n<h3 class=\"\">Glast\u00fcren &amp; Schiebet\u00fcren<\/h3>\n<p class=\"\">Wir haben, neben klassischen Bauelementen rund um die Energieeffizienz auch direkte Glaselemente, wie Ganzglast\u00fcren, in Form von Glast\u00fcren und Glasschiebet\u00fcren, welche wir in dieser Perspektive f\u00fcr Sie optimiert haben. In Punkto energieeffiziente Glast\u00fcren finden Sie bei uns eine innovative Kollektion.<\/p>\n<\/div>\n<\/div>\n<\/div>\n","protected":false},"excerpt":{"rendered":"<p>&nbsp; ThermoBlue ist unsere Marke. Diese steht repr\u00e4senativ f\u00fcr Bauelemente, die sich grunds\u00e4tzlich mit dem Thema Energieeffizienz befassen. Wir haben uns zum Ziel gemacht, Ihnen die beste Qualit\u00e4t und Innovation zu einem konkurrenzlos g\u00fcnstigen Preis zu bieten. Die Produkte, wie Fenster, Balkont\u00fcren, Glast\u00fcren und Haust\u00fcren &#8211; k\u00f6nnen Sie bei uns direkt \u00fcber den Online-Shop bestellen [&hellip;]<\/p>\n","protected":false},"author":2,"featured_media":151,"parent":0,"menu_order":0,"comment_status":"closed","ping_status":"closed","template":"template-fullwidth.php","meta":[],"_links":{"self":[{"href":"https:\/\/www.fenster-tueren-gmbh.de\/index.php?rest_route=\/wp\/v2\/pages\/148"}],"collection":[{"href":"https:\/\/www.fenster-tueren-gmbh.de\/index.php?rest_route=\/wp\/v2\/pages"}],"about":[{"href":"https:\/\/www.fenster-tueren-gmbh.de\/index.php?rest_route=\/wp\/v2\/types\/page"}],"author":[{"embeddable":true,"href":"https:\/\/www.fenster-tueren-gmbh.de\/index.php?rest_route=\/wp\/v2\/users\/2"}],"replies":[{"embeddable":true,"href":"https:\/\/www.fenster-tueren-gmbh.de\/index.php?rest_route=%2Fwp%2Fv2%2Fcomments&post=148"}],"version-history":[{"count":12,"href":"https:\/\/www.fenster-tueren-gmbh.de\/index.php?rest_route=\/wp\/v2\/pages\/148\/revisions"}],"predecessor-version":[{"id":165,"href":"https:\/\/www.fenster-tueren-gmbh.de\/index.php?rest_route=\/wp\/v2\/pages\/148\/revisions\/165"}],"wp:featuredmedia":[{"embeddable":true,"href":"https:\/\/www.fenster-tueren-gmbh.de\/index.php?rest_route=\/wp\/v2\/media\/151"}],"wp:attachment":[{"href":"https:\/\/www.fenster-tueren-gmbh.de\/index.php?rest_route=%2Fwp%2Fv2%2Fmedia&parent=148"}],"curies":[{"name":"wp","href":"https:\/\/api.w.org\/{rel}","templated":true}]}}